{"id":34,"date":"2021-10-02T12:49:04","date_gmt":"2021-10-02T10:49:04","guid":{"rendered":"https:\/\/simonyan-personalvermittlung.de\/ru\/?page_id=34"},"modified":"2021-10-08T21:20:45","modified_gmt":"2021-10-08T19:20:45","slug":"bewerber","status":"publish","type":"page","link":"https:\/\/simonyan-personalvermittlung.de\/ru\/bewerber\/","title":{"rendered":"BEWERBER"},"content":{"rendered":"\t\t<div data-elementor-type=\"wp-page\" data-elementor-id=\"34\" class=\"elementor elementor-34\">\n\t\t\t\t\t\t<section class=\"has_eae_slider elementor-section elementor-top-section elementor-element elementor-element-17c74246 elementor-section-height-min-height elementor-section-full_width elementor-section-items-bottom elementor-section-height-default\" data-eae-slider=\"80405\" data-id=\"17c74246\" data-element_type=\"section\" data-e-type=\"section\" data-settings=\"{&quot;background_background&quot;:&quot;classic&quot;}\">\n\t\t\t\t\t\t\t<div class=\"elementor-background-overlay\"><\/div>\n\t\t\t\t\t\t\t<div class=\"elementor-container elementor-column-gap-default\">\n\t\t\t\t\t<div class=\"has_eae_slider elementor-column elementor-col-33 elementor-top-column elementor-element elementor-element-2aed6184\" data-eae-slider=\"44341\" data-id=\"2aed6184\" data-element_type=\"column\" data-e-type=\"column\">\n\t\t\t<div class=\"elementor-widget-wrap\">\n\t\t\t\t\t\t\t<\/div>\n\t\t<\/div>\n\t\t\t\t<div class=\"has_eae_slider elementor-column elementor-col-33 elementor-top-column elementor-element elementor-element-5e27171 elementor-invisible\" data-eae-slider=\"91533\" data-id=\"5e27171\" data-element_type=\"column\" data-e-type=\"column\" data-settings=\"{&quot;animation&quot;:&quot;fadeInUp&quot;}\">\n\t\t\t<div class=\"elementor-widget-wrap elementor-element-populated\">\n\t\t\t\t\t\t\t<\/div>\n\t\t<\/div>\n\t\t\t\t<div class=\"has_eae_slider elementor-column elementor-col-33 elementor-top-column elementor-element elementor-element-693fed11\" data-eae-slider=\"42970\" data-id=\"693fed11\" data-element_type=\"column\" data-e-type=\"column\">\n\t\t\t<div class=\"elementor-widget-wrap\">\n\t\t\t\t\t\t\t<\/div>\n\t\t<\/div>\n\t\t\t\t\t<\/div>\n\t\t<\/section>\n\t\t\t\t<section class=\"has_eae_slider elementor-section elementor-top-section elementor-element elementor-element-58d87a9d elementor-section-full_width elementor-section-height-default elementor-section-height-default\" data-eae-slider=\"46849\" data-id=\"58d87a9d\" data-element_type=\"section\" data-e-type=\"section\" id=\"xs_cta_style_15\">\n\t\t\t\t\t\t<div class=\"elementor-container elementor-column-gap-default\">\n\t\t\t\t\t<div class=\"has_eae_slider elementor-column elementor-col-100 elementor-top-column elementor-element elementor-element-22b9deee\" data-eae-slider=\"8546\" data-id=\"22b9deee\" data-element_type=\"column\" data-e-type=\"column\">\n\t\t\t<div class=\"elementor-widget-wrap elementor-element-populated\">\n\t\t\t\t\t\t<section class=\"has_eae_slider elementor-section elementor-inner-section elementor-element elementor-element-615674d elementor-section-full_width elementor-section-height-default elementor-section-height-default elementor-invisible\" data-eae-slider=\"7124\" data-id=\"615674d\" data-element_type=\"section\" data-e-type=\"section\" data-settings=\"{&quot;animation&quot;:&quot;fadeInUp&quot;}\">\n\t\t\t\t\t\t<div class=\"elementor-container elementor-column-gap-default\">\n\t\t\t\t\t<div class=\"has_eae_slider elementor-column elementor-col-50 elementor-inner-column elementor-element elementor-element-2332b3d2\" data-eae-slider=\"94964\" data-id=\"2332b3d2\" data-element_type=\"column\" data-e-type=\"column\" data-settings=\"{&quot;background_background&quot;:&quot;classic&quot;}\">\n\t\t\t<div class=\"elementor-widget-wrap elementor-element-populated\">\n\t\t\t\t\t\t<div class=\"elementor-element elementor-element-22685fa1 elementor-widget elementor-widget-spacer\" data-id=\"22685fa1\" data-element_type=\"widget\" data-e-type=\"widget\" data-widget_type=\"spacer.default\">\n\t\t\t\t<div class=\"elementor-widget-container\">\n\t\t\t\t\t\t\t<div class=\"elementor-spacer\">\n\t\t\t<div class=\"elementor-spacer-inner\"><\/div>\n\t\t<\/div>\n\t\t\t\t\t\t<\/div>\n\t\t\t\t<\/div>\n\t\t\t\t\t<\/div>\n\t\t<\/div>\n\t\t\t\t<div class=\"has_eae_slider elementor-column elementor-col-50 elementor-inner-column elementor-element elementor-element-3a297a3d\" data-eae-slider=\"24819\" data-id=\"3a297a3d\" data-element_type=\"column\" data-e-type=\"column\" data-settings=\"{&quot;background_background&quot;:&quot;classic&quot;}\">\n\t\t\t<div class=\"elementor-widget-wrap elementor-element-populated\">\n\t\t\t\t\t\t<div class=\"elementor-element elementor-element-631efa46 elementor-widget elementor-widget-elementskit-heading\" data-id=\"631efa46\" data-element_type=\"widget\" data-e-type=\"widget\" data-widget_type=\"elementskit-heading.default\">\n\t\t\t\t<div class=\"elementor-widget-container\">\n\t\t\t\t\t<div class=\"ekit-wid-con\" ><div class=\"ekit-heading elementskit-section-title-wraper text_left   ekit_heading_tablet-   ekit_heading_mobile-\"><h2 class=\"ekit-heading--title elementskit-section-title \"><span><span>Einstiegskriterien<\/span><\/span><\/h2><\/div><\/div>\t\t\t\t<\/div>\n\t\t\t\t<\/div>\n\t\t\t\t<div class=\"elementor-element elementor-element-4365387b elementor-widget elementor-widget-text-editor\" data-id=\"4365387b\" data-element_type=\"widget\" data-e-type=\"widget\" data-widget_type=\"text-editor.default\">\n\t\t\t\t<div class=\"elementor-widget-container\">\n\t\t\t\t\t\t\t\t\t<p>Die Bewerber m\u00fcssen bei uns einige Grundvoraussetzungen erf\u00fcllen, bevor wir uns mit den Bewerbungsunterlagen befassen k\u00f6nnen.<\/p><p><strong>Diese sind:<\/strong><\/p>\t\t\t\t\t\t\t\t<\/div>\n\t\t\t\t<\/div>\n\t\t\t\t<div class=\"elementor-element elementor-element-a1ac9c9 elementor-widget elementor-widget-text-editor\" data-id=\"a1ac9c9\" data-element_type=\"widget\" data-e-type=\"widget\" data-widget_type=\"text-editor.default\">\n\t\t\t\t<div class=\"elementor-widget-container\">\n\t\t\t\t\t\t\t\t\t<ul><li>Hochqualifizierte Bewerber mit Provenienz aus der EU [ausgenommen Deutschland] und aus Nicht-EU-L\u00e4ndern m\u00fcssen die <strong><b>englische<\/b><\/strong>\/<strong><b>deutsche<\/b><\/strong> Sprache beherrschen<\/li><li>Wir bearbeiten ausschlie\u00dflich vollst\u00e4ndige Bewerbungsunterlagen, daher ist es uns sehr wichtig, dass die Bewerber sich gr\u00fcndlich mit deren Bewerbungsunterlagen besch\u00e4ftigen und diese korrekt vorbereiten \u2013 gerne unterst\u00fctzen wir diese dabei.<\/li><li>Die Bewerber sollen nach M\u00f6glichkeit einschl\u00e4gige Berufserfahrung(en) nachweisen<\/li><\/ul>\t\t\t\t\t\t\t\t<\/div>\n\t\t\t\t<\/div>\n\t\t\t\t<div class=\"elementor-element elementor-element-c8b2fec elementor-widget elementor-widget-text-editor\" data-id=\"c8b2fec\" data-element_type=\"widget\" data-e-type=\"widget\" data-widget_type=\"text-editor.default\">\n\t\t\t\t<div class=\"elementor-widget-container\">\n\t\t\t\t\t\t\t\t\t<p>Weitere Kriterien zur Bewerberauswahl werden im pers\u00f6nlichen Gespr\u00e4ch mit unserem Kunden [Arbeitgeber] gepr\u00fcft und entschieden. Wir weisen darauf hin, dass wir auf dieses Auswahlverfahren<strong><em><b><i>\u00a0keinerlei<\/i><\/b><\/em><\/strong>\u00a0Einfluss haben.<\/p>\t\t\t\t\t\t\t\t<\/div>\n\t\t\t\t<\/div>\n\t\t\t\t\t<\/div>\n\t\t<\/div>\n\t\t\t\t\t<\/div>\n\t\t<\/section>\n\t\t\t\t\t<\/div>\n\t\t<\/div>\n\t\t\t\t\t<\/div>\n\t\t<\/section>\n\t\t\t\t<section class=\"has_eae_slider elementor-section elementor-top-section elementor-element elementor-element-7ca0abbf elementor-section-full_width elementor-section-height-default elementor-section-height-default\" data-eae-slider=\"94231\" data-id=\"7ca0abbf\" data-element_type=\"section\" data-e-type=\"section\">\n\t\t\t\t\t\t<div class=\"elementor-container elementor-column-gap-default\">\n\t\t\t\t\t<div class=\"has_eae_slider elementor-column elementor-col-100 elementor-top-column elementor-element elementor-element-52fe091c\" data-eae-slider=\"10684\" data-id=\"52fe091c\" data-element_type=\"column\" data-e-type=\"column\">\n\t\t\t<div class=\"elementor-widget-wrap elementor-element-populated\">\n\t\t\t\t\t\t<section class=\"has_eae_slider elementor-section elementor-inner-section elementor-element elementor-element-77518616 elementor-section-full_width elementor-section-height-default elementor-section-height-default elementor-invisible\" data-eae-slider=\"509\" data-id=\"77518616\" data-element_type=\"section\" data-e-type=\"section\" data-settings=\"{&quot;animation&quot;:&quot;fadeInUp&quot;,&quot;background_background&quot;:&quot;classic&quot;}\">\n\t\t\t\t\t\t<div class=\"elementor-container elementor-column-gap-default\">\n\t\t\t\t\t<div class=\"has_eae_slider elementor-column elementor-col-50 elementor-inner-column elementor-element elementor-element-422beac4\" data-eae-slider=\"12534\" data-id=\"422beac4\" data-element_type=\"column\" data-e-type=\"column\">\n\t\t\t<div class=\"elementor-widget-wrap elementor-element-populated\">\n\t\t\t\t\t\t<div class=\"elementor-element elementor-element-7dd238a5 elementor-widget elementor-widget-elementskit-heading\" data-id=\"7dd238a5\" data-element_type=\"widget\" data-e-type=\"widget\" data-widget_type=\"elementskit-heading.default\">\n\t\t\t\t<div class=\"elementor-widget-container\">\n\t\t\t\t\t<div class=\"ekit-wid-con\" ><div class=\"ekit-heading elementskit-section-title-wraper text_left   ekit_heading_tablet-   ekit_heading_mobile-\"><h2 class=\"ekit-heading--title elementskit-section-title \"><span><span>Vorbereitungs- und Vermittlungsgeb\u00fchren<\/span><\/span><\/h2><\/div><\/div>\t\t\t\t<\/div>\n\t\t\t\t<\/div>\n\t\t\t\t<div class=\"elementor-element elementor-element-192c2bdf elementor-widget elementor-widget-text-editor\" data-id=\"192c2bdf\" data-element_type=\"widget\" data-e-type=\"widget\" data-widget_type=\"text-editor.default\">\n\t\t\t\t<div class=\"elementor-widget-container\">\n\t\t\t\t\t\t\t\t\t<p><span style=\"color: #ffffff;\">Im Rahmen unserer Personalvermittlung bereiten wir Bewerbungen vor und f\u00fchren zahlreiche Gespr\u00e4che<\/span><br \/><span style=\"color: #ffffff;\">mit Bewerbern, die sich daf\u00fcr interessieren, \u00fcber uns f\u00fcr sich eine passende Arbeit in der Bundesrepublik Deutschland finden zu k\u00f6nnen.<\/span><\/p><p><span style=\"color: #ffffff;\">Die Bewerber schicken uns nach einem ersten kostenlosen Beratungsgespr\u00e4ch ihre vollst\u00e4ndigen<\/span><br \/><span style=\"color: #ffffff;\">Bewerbungsunterlagen ausschlie\u00dflich per E-Mail. <strong>Abh\u00e4ngig vom Fachbereich erheben wir <\/strong><strong>Vermittlungsgeb\u00fchren im Rahmen \u00a7 296 SGB III. <\/strong>Die Kosten sind f\u00fcr unsere Vermittlung obligatorisch. Die Bewerber erhalten au\u00dferdem kostenlose \u00dcbersetzungen ihrer Dokumente [offiziell beglaubigt] ins Deutsche, wenn diese ausl\u00e4ndischen Unterlagen in Deutschland anerkannt werden m\u00fcssen.<\/span><\/p>\t\t\t\t\t\t\t\t<\/div>\n\t\t\t\t<\/div>\n\t\t\t\t\t<\/div>\n\t\t<\/div>\n\t\t\t\t<div class=\"has_eae_slider elementor-column elementor-col-50 elementor-inner-column elementor-element elementor-element-10a4635e\" data-eae-slider=\"31484\" data-id=\"10a4635e\" data-element_type=\"column\" data-e-type=\"column\" data-settings=\"{&quot;background_background&quot;:&quot;classic&quot;}\">\n\t\t\t<div class=\"elementor-widget-wrap\">\n\t\t\t\t\t\t\t<\/div>\n\t\t<\/div>\n\t\t\t\t\t<\/div>\n\t\t<\/section>\n\t\t\t\t\t<\/div>\n\t\t<\/div>\n\t\t\t\t\t<\/div>\n\t\t<\/section>\n\t\t\t\t<section class=\"has_eae_slider elementor-section elementor-top-section elementor-element elementor-element-446de22 elementor-section-full_width elementor-section-height-default elementor-section-height-default\" data-eae-slider=\"28553\" data-id=\"446de22\" data-element_type=\"section\" data-e-type=\"section\" data-settings=\"{&quot;background_background&quot;:&quot;classic&quot;}\">\n\t\t\t\t\t\t<div class=\"elementor-container elementor-column-gap-default\">\n\t\t\t\t\t<div class=\"has_eae_slider elementor-column elementor-col-100 elementor-top-column elementor-element elementor-element-fcaef9a\" data-eae-slider=\"5574\" data-id=\"fcaef9a\" data-element_type=\"column\" data-e-type=\"column\">\n\t\t\t<div class=\"elementor-widget-wrap elementor-element-populated\">\n\t\t\t\t\t\t<section class=\"has_eae_slider elementor-section elementor-inner-section elementor-element elementor-element-1ff8336 elementor-section-full_width elementor-section-height-default elementor-section-height-default elementor-invisible\" data-eae-slider=\"82640\" data-id=\"1ff8336\" data-element_type=\"section\" data-e-type=\"section\" data-settings=\"{&quot;animation&quot;:&quot;fadeInUp&quot;}\">\n\t\t\t\t\t\t<div class=\"elementor-container elementor-column-gap-default\">\n\t\t\t\t\t<div class=\"has_eae_slider elementor-column elementor-col-50 elementor-inner-column elementor-element elementor-element-b792f1a\" data-eae-slider=\"74581\" data-id=\"b792f1a\" data-element_type=\"column\" data-e-type=\"column\" data-settings=\"{&quot;background_background&quot;:&quot;classic&quot;}\">\n\t\t\t<div class=\"elementor-widget-wrap elementor-element-populated\">\n\t\t\t\t\t\t<div class=\"elementor-element elementor-element-d4e33e5 elementor-widget elementor-widget-spacer\" data-id=\"d4e33e5\" data-element_type=\"widget\" data-e-type=\"widget\" data-widget_type=\"spacer.default\">\n\t\t\t\t<div class=\"elementor-widget-container\">\n\t\t\t\t\t\t\t<div class=\"elementor-spacer\">\n\t\t\t<div class=\"elementor-spacer-inner\"><\/div>\n\t\t<\/div>\n\t\t\t\t\t\t<\/div>\n\t\t\t\t<\/div>\n\t\t\t\t\t<\/div>\n\t\t<\/div>\n\t\t\t\t<div class=\"has_eae_slider elementor-column elementor-col-50 elementor-inner-column elementor-element elementor-element-6d7a074\" data-eae-slider=\"63024\" data-id=\"6d7a074\" data-element_type=\"column\" data-e-type=\"column\" data-settings=\"{&quot;background_background&quot;:&quot;classic&quot;}\">\n\t\t\t<div class=\"elementor-widget-wrap elementor-element-populated\">\n\t\t\t\t\t\t<div class=\"elementor-element elementor-element-41aef29 elementor-widget elementor-widget-elementskit-heading\" data-id=\"41aef29\" data-element_type=\"widget\" data-e-type=\"widget\" data-widget_type=\"elementskit-heading.default\">\n\t\t\t\t<div class=\"elementor-widget-container\">\n\t\t\t\t\t<div class=\"ekit-wid-con\" ><div class=\"ekit-heading elementskit-section-title-wraper text_left   ekit_heading_tablet-   ekit_heading_mobile-\"><h2 class=\"ekit-heading--title elementskit-section-title \"><span><span>Auswahlverfahren<\/span><\/span><\/h2><\/div><\/div>\t\t\t\t<\/div>\n\t\t\t\t<\/div>\n\t\t\t\t<div class=\"elementor-element elementor-element-3252bb4 elementor-widget elementor-widget-text-editor\" data-id=\"3252bb4\" data-element_type=\"widget\" data-e-type=\"widget\" data-widget_type=\"text-editor.default\">\n\t\t\t\t<div class=\"elementor-widget-container\">\n\t\t\t\t\t\t\t\t\t<p>Wir investieren unsere Zeit und Fachwissen, um solche Bewerber auszuw\u00e4hlen, die unsere Kriterien vollst\u00e4ndig erf\u00fcllen.<br \/>Aktuell liegt unser Fokus auf folgenden Berufsfeldern und Branchen:<\/p><p><strong>1)<\/strong> technische Berufe (Ingenieur, Produktionsmitarbeiter, Schwei\u00dfer, Zerspanungsmechaniker, Drehtechnik, CNC-Dreher, Metallbauer, Baggerfahrer, anderen Handwerksberufe etc.)<br \/><strong>2)<\/strong> kaufm\u00e4nnische Berufe (Personalsachbearbeiter\/in, Teamleiter\/in, Lehrer\/in etc.)<br \/><strong>3)<\/strong> Medizin (\u00c4rzte, Pflegekr\u00e4fte, Krankenschwester, Heilkunde, Apotheker\/in etc.)<br \/><strong>4)<\/strong> IT<br \/><strong>5)<\/strong> chemische Industrie (Chemikant\/in, Chemielaborant\/in, Chemielaborant\/in etc.)<br \/><br \/>Diejenigen Bewerber, die unsere Kriterien nicht ganz erf\u00fcllen, haben Ihrerseits die M\u00f6glichkeit, in deren Heimatl\u00e4ndern die erforderlichen Qualifikationen zu erwerben.<br \/>Wir bieten u.a. auch berufsqualifizierende Sprachkurse f\u00fcr die <strong><b>deutsc<\/b>he<\/strong> und <strong><b>englische<\/b><\/strong>\u00a0Sprache an.<\/p><p><strong>Gerne beraten wir Sie\u00a0 \u2013 sprechen Sie uns bitte an!<\/strong><\/p>\t\t\t\t\t\t\t\t<\/div>\n\t\t\t\t<\/div>\n\t\t\t\t\t<\/div>\n\t\t<\/div>\n\t\t\t\t\t<\/div>\n\t\t<\/section>\n\t\t\t\t\t<\/div>\n\t\t<\/div>\n\t\t\t\t\t<\/div>\n\t\t<\/section>\n\t\t\t\t<section class=\"has_eae_slider elementor-section elementor-top-section elementor-element elementor-element-652ab39 elementor-section-full_width elementor-section-height-default elementor-section-height-default\" data-eae-slider=\"41402\" data-id=\"652ab39\" data-element_type=\"section\" data-e-type=\"section\">\n\t\t\t\t\t\t<div class=\"elementor-container elementor-column-gap-default\">\n\t\t\t\t\t<div class=\"has_eae_slider elementor-column elementor-col-100 elementor-top-column elementor-element elementor-element-f254603\" data-eae-slider=\"77741\" data-id=\"f254603\" data-element_type=\"column\" data-e-type=\"column\">\n\t\t\t<div class=\"elementor-widget-wrap elementor-element-populated\">\n\t\t\t\t\t\t<section class=\"has_eae_slider elementor-section elementor-inner-section elementor-element elementor-element-d1e2683 elementor-section-full_width elementor-section-height-default elementor-section-height-default elementor-invisible\" data-eae-slider=\"79412\" data-id=\"d1e2683\" data-element_type=\"section\" data-e-type=\"section\" data-settings=\"{&quot;animation&quot;:&quot;fadeInUp&quot;,&quot;background_background&quot;:&quot;classic&quot;}\">\n\t\t\t\t\t\t<div class=\"elementor-container elementor-column-gap-default\">\n\t\t\t\t\t<div class=\"has_eae_slider elementor-column elementor-col-50 elementor-inner-column elementor-element elementor-element-0626a30\" data-eae-slider=\"42831\" data-id=\"0626a30\" data-element_type=\"column\" data-e-type=\"column\">\n\t\t\t<div class=\"elementor-widget-wrap elementor-element-populated\">\n\t\t\t\t\t\t<div class=\"elementor-element elementor-element-92c2acd elementor-widget elementor-widget-elementskit-heading\" data-id=\"92c2acd\" data-element_type=\"widget\" data-e-type=\"widget\" data-widget_type=\"elementskit-heading.default\">\n\t\t\t\t<div class=\"elementor-widget-container\">\n\t\t\t\t\t<div class=\"ekit-wid-con\" ><div class=\"ekit-heading elementskit-section-title-wraper text_left   ekit_heading_tablet-   ekit_heading_mobile-\"><h2 class=\"ekit-heading--title elementskit-section-title \"><span><span>Beratungsgespr\u00e4che<\/span><\/span><\/h2><\/div><\/div>\t\t\t\t<\/div>\n\t\t\t\t<\/div>\n\t\t\t\t<div class=\"elementor-element elementor-element-6210945 elementor-widget elementor-widget-text-editor\" data-id=\"6210945\" data-element_type=\"widget\" data-e-type=\"widget\" data-widget_type=\"text-editor.default\">\n\t\t\t\t<div class=\"elementor-widget-container\">\n\t\t\t\t\t\t\t\t\t<p><span style=\"color: #ffffff;\">Wir f\u00fchren Beratungsgespr\u00e4che nach einer zuvor erfolgten schriftlichen Terminabsprache und bitten unsere Bewerber, uns vorab ausschlie\u00dflich per E-Mail zu kontaktieren. Vielen Dank!<\/span><\/p>\t\t\t\t\t\t\t\t<\/div>\n\t\t\t\t<\/div>\n\t\t\t\t\t<\/div>\n\t\t<\/div>\n\t\t\t\t<div class=\"has_eae_slider elementor-column elementor-col-50 elementor-inner-column elementor-element elementor-element-e8112a6\" data-eae-slider=\"64207\" data-id=\"e8112a6\" data-element_type=\"column\" data-e-type=\"column\" data-settings=\"{&quot;background_background&quot;:&quot;classic&quot;}\">\n\t\t\t<div class=\"elementor-widget-wrap elementor-element-populated\">\n\t\t\t\t\t\t<div class=\"elementor-element elementor-element-99a2e63 elementor-widget elementor-widget-spacer\" data-id=\"99a2e63\" data-element_type=\"widget\" data-e-type=\"widget\" data-widget_type=\"spacer.default\">\n\t\t\t\t<div class=\"elementor-widget-container\">\n\t\t\t\t\t\t\t<div class=\"elementor-spacer\">\n\t\t\t<div class=\"elementor-spacer-inner\"><\/div>\n\t\t<\/div>\n\t\t\t\t\t\t<\/div>\n\t\t\t\t<\/div>\n\t\t\t\t\t<\/div>\n\t\t<\/div>\n\t\t\t\t\t<\/div>\n\t\t<\/section>\n\t\t\t\t\t<\/div>\n\t\t<\/div>\n\t\t\t\t\t<\/div>\n\t\t<\/section>\n\t\t\t\t<section class=\"has_eae_slider elementor-section elementor-top-section elementor-element elementor-element-1a946a91 elementor-section-full_width elementor-section-height-default elementor-section-height-default\" data-eae-slider=\"65840\" data-id=\"1a946a91\" data-element_type=\"section\" data-e-type=\"section\" data-settings=\"{&quot;background_background&quot;:&quot;classic&quot;}\">\n\t\t\t\t\t\t\t<div class=\"elementor-background-overlay\"><\/div>\n\t\t\t\t\t\t\t<div class=\"elementor-container elementor-column-gap-default\">\n\t\t\t\t\t<div class=\"has_eae_slider elementor-column elementor-col-100 elementor-top-column elementor-element elementor-element-54ce9c31\" data-eae-slider=\"15955\" data-id=\"54ce9c31\" data-element_type=\"column\" data-e-type=\"column\">\n\t\t\t<div class=\"elementor-widget-wrap elementor-element-populated\">\n\t\t\t\t\t\t<section class=\"has_eae_slider elementor-section elementor-inner-section elementor-element elementor-element-5d65470b elementor-section-boxed elementor-section-height-default elementor-section-height-default\" data-eae-slider=\"59811\" data-id=\"5d65470b\" data-element_type=\"section\" data-e-type=\"section\" data-settings=\"{&quot;background_background&quot;:&quot;classic&quot;}\">\n\t\t\t\t\t\t\t<div class=\"elementor-background-overlay\"><\/div>\n\t\t\t\t\t\t\t<div class=\"elementor-container elementor-column-gap-default\">\n\t\t\t\t\t<div class=\"has_eae_slider elementor-column elementor-col-100 elementor-inner-column elementor-element elementor-element-241aade\" data-eae-slider=\"49354\" data-id=\"241aade\" data-element_type=\"column\" data-e-type=\"column\">\n\t\t\t<div class=\"elementor-widget-wrap elementor-element-populated\">\n\t\t\t\t\t\t<div class=\"elementor-element elementor-element-1af03c16 elementor-widget elementor-widget-elementskit-heading\" data-id=\"1af03c16\" data-element_type=\"widget\" data-e-type=\"widget\" data-widget_type=\"elementskit-heading.default\">\n\t\t\t\t<div class=\"elementor-widget-container\">\n\t\t\t\t\t<div class=\"ekit-wid-con\" ><div class=\"ekit-heading elementskit-section-title-wraper text_center   ekit_heading_tablet-   ekit_heading_mobile-\"><h2 class=\"ekit-heading--title elementskit-section-title \">IHR SCHNELLER WEG ZU UNS <span><span><\/span><\/span><\/h2><\/div><\/div>\t\t\t\t<\/div>\n\t\t\t\t<\/div>\n\t\t\t\t<div class=\"elementor-element elementor-element-1a6210db elementor-align--mobilecenter elementor-align-center elementor-widget elementor-widget-elementskit-button\" data-id=\"1a6210db\" data-element_type=\"widget\" data-e-type=\"widget\" data-widget_type=\"elementskit-button.default\">\n\t\t\t\t<div class=\"elementor-widget-container\">\n\t\t\t\t\t<div class=\"ekit-wid-con\" >\t\t<div class=\"ekit-btn-wraper\">\n\t\t\t\t\t\t\t<a href=\"https:\/\/simonyan-personalvermittlung.de\/ru\/?page_id=42\" class=\"elementskit-btn  whitespace--normal\" id=\"\">\n\t\t\t\t\tKONTAKT<i class=\"fasicon icon-right-arrow\"><\/i>\t\t\t\t<\/a>\n\t\t\t\t\t<\/div>\n        <\/div>\t\t\t\t<\/div>\n\t\t\t\t<\/div>\n\t\t\t\t\t<\/div>\n\t\t<\/div>\n\t\t\t\t\t<\/div>\n\t\t<\/section>\n\t\t\t\t\t<\/div>\n\t\t<\/div>\n\t\t\t\t\t<\/div>\n\t\t<\/section>\n\t\t\t\t<\/div>\n\t\t","protected":false},"excerpt":{"rendered":"<p>Einstiegskriterien Die Bewerber m\u00fcssen bei uns einige Grundvoraussetzungen erf\u00fcllen, bevor wir uns mit den Bewerbungsunterlagen befassen k\u00f6nnen. Diese sind: Hochqualifizierte Bewerber mit Provenienz aus der EU [ausgenommen Deutschland] und aus Nicht-EU-L\u00e4ndern m\u00fcssen die englische\/deutsche Sprache beherrschen Wir bearbeiten ausschlie\u00dflich vollst\u00e4ndige Bewerbungsunterlagen, daher ist es uns sehr wichtig, dass die Bewerber sich gr\u00fcndlich mit deren Bewerbungsunterlagen [&hellip;]<\/p>\n","protected":false},"author":1,"featured_media":0,"parent":0,"menu_order":0,"comment_status":"closed","ping_status":"closed","template":"elementor_header_footer","meta":{"footnotes":""},"class_list":["post-34","page","type-page","status-publish","hentry"],"_links":{"self":[{"href":"https:\/\/simonyan-personalvermittlung.de\/ru\/wp-json\/wp\/v2\/pages\/34","targetHints":{"allow":["GET"]}}],"collection":[{"href":"https:\/\/simonyan-personalvermittlung.de\/ru\/wp-json\/wp\/v2\/pages"}],"about":[{"href":"https:\/\/simonyan-personalvermittlung.de\/ru\/wp-json\/wp\/v2\/types\/page"}],"author":[{"embeddable":true,"href":"https:\/\/simonyan-personalvermittlung.de\/ru\/wp-json\/wp\/v2\/users\/1"}],"replies":[{"embeddable":true,"href":"https:\/\/simonyan-personalvermittlung.de\/ru\/wp-json\/wp\/v2\/comments?post=34"}],"version-history":[{"count":13,"href":"https:\/\/simonyan-personalvermittlung.de\/ru\/wp-json\/wp\/v2\/pages\/34\/revisions"}],"predecessor-version":[{"id":367,"href":"https:\/\/simonyan-personalvermittlung.de\/ru\/wp-json\/wp\/v2\/pages\/34\/revisions\/367"}],"wp:attachment":[{"href":"https:\/\/simonyan-personalvermittlung.de\/ru\/wp-json\/wp\/v2\/media?parent=34"}],"curies":[{"name":"wp","href":"https:\/\/api.w.org\/{rel}","templated":true}]}}