{"id":36,"date":"2021-10-02T12:49:36","date_gmt":"2021-10-02T10:49:36","guid":{"rendered":"https:\/\/simonyan-personalvermittlung.de\/fr\/?page_id=36"},"modified":"2021-11-05T17:58:13","modified_gmt":"2021-11-05T16:58:13","slug":"unternehmen","status":"publish","type":"page","link":"https:\/\/simonyan-personalvermittlung.de\/fr\/unternehmen\/","title":{"rendered":"UNTERNEHMEN"},"content":{"rendered":"\t\t<div data-elementor-type=\"wp-page\" data-elementor-id=\"36\" class=\"elementor elementor-36\">\n\t\t\t\t\t\t<section class=\"has_eae_slider elementor-section elementor-top-section elementor-element elementor-element-510b0ce elementor-section-height-min-height elementor-section-full_width elementor-section-items-bottom elementor-section-height-default\" data-eae-slider=\"76790\" data-id=\"510b0ce\" data-element_type=\"section\" data-e-type=\"section\" data-settings=\"{&quot;background_background&quot;:&quot;classic&quot;}\">\n\t\t\t\t\t\t\t<div class=\"elementor-background-overlay\"><\/div>\n\t\t\t\t\t\t\t<div class=\"elementor-container elementor-column-gap-default\">\n\t\t\t\t\t<div class=\"has_eae_slider elementor-column elementor-col-33 elementor-top-column elementor-element elementor-element-319c818e\" data-eae-slider=\"97333\" data-id=\"319c818e\" data-element_type=\"column\" data-e-type=\"column\">\n\t\t\t<div class=\"elementor-widget-wrap\">\n\t\t\t\t\t\t\t<\/div>\n\t\t<\/div>\n\t\t\t\t<div class=\"has_eae_slider elementor-column elementor-col-33 elementor-top-column elementor-element elementor-element-6404b4de elementor-invisible\" data-eae-slider=\"56530\" data-id=\"6404b4de\" data-element_type=\"column\" data-e-type=\"column\" data-settings=\"{&quot;animation&quot;:&quot;fadeInUp&quot;}\">\n\t\t\t<div class=\"elementor-widget-wrap elementor-element-populated\">\n\t\t\t\t\t\t\t<\/div>\n\t\t<\/div>\n\t\t\t\t<div class=\"has_eae_slider elementor-column elementor-col-33 elementor-top-column elementor-element elementor-element-8f458bc\" data-eae-slider=\"16881\" data-id=\"8f458bc\" data-element_type=\"column\" data-e-type=\"column\">\n\t\t\t<div class=\"elementor-widget-wrap\">\n\t\t\t\t\t\t\t<\/div>\n\t\t<\/div>\n\t\t\t\t\t<\/div>\n\t\t<\/section>\n\t\t\t\t<section class=\"has_eae_slider elementor-section elementor-top-section elementor-element elementor-element-285029c elementor-section-full_width elementor-section-height-default elementor-section-height-default\" data-eae-slider=\"74324\" data-id=\"285029c\" data-element_type=\"section\" data-e-type=\"section\" id=\"xs_cta_style_15\">\n\t\t\t\t\t\t<div class=\"elementor-container elementor-column-gap-default\">\n\t\t\t\t\t<div class=\"has_eae_slider elementor-column elementor-col-100 elementor-top-column elementor-element elementor-element-1af6e4e7\" data-eae-slider=\"95827\" data-id=\"1af6e4e7\" data-element_type=\"column\" data-e-type=\"column\">\n\t\t\t<div class=\"elementor-widget-wrap elementor-element-populated\">\n\t\t\t\t\t\t<section class=\"has_eae_slider elementor-section elementor-inner-section elementor-element elementor-element-384d5be2 elementor-section-full_width elementor-section-height-default elementor-section-height-default elementor-invisible\" data-eae-slider=\"56571\" data-id=\"384d5be2\" data-element_type=\"section\" data-e-type=\"section\" data-settings=\"{&quot;animation&quot;:&quot;fadeInUp&quot;}\">\n\t\t\t\t\t\t<div class=\"elementor-container elementor-column-gap-default\">\n\t\t\t\t\t<div class=\"has_eae_slider elementor-column elementor-col-50 elementor-inner-column elementor-element elementor-element-236cd12\" data-eae-slider=\"13741\" data-id=\"236cd12\" data-element_type=\"column\" data-e-type=\"column\" data-settings=\"{&quot;background_background&quot;:&quot;classic&quot;}\">\n\t\t\t<div class=\"elementor-widget-wrap elementor-element-populated\">\n\t\t\t\t\t\t<div class=\"elementor-element elementor-element-2964da35 elementor-widget elementor-widget-spacer\" data-id=\"2964da35\" data-element_type=\"widget\" data-e-type=\"widget\" data-widget_type=\"spacer.default\">\n\t\t\t\t<div class=\"elementor-widget-container\">\n\t\t\t\t\t\t\t<div class=\"elementor-spacer\">\n\t\t\t<div class=\"elementor-spacer-inner\"><\/div>\n\t\t<\/div>\n\t\t\t\t\t\t<\/div>\n\t\t\t\t<\/div>\n\t\t\t\t\t<\/div>\n\t\t<\/div>\n\t\t\t\t<div class=\"has_eae_slider elementor-column elementor-col-50 elementor-inner-column elementor-element elementor-element-39596f93\" data-eae-slider=\"4737\" data-id=\"39596f93\" data-element_type=\"column\" data-e-type=\"column\" data-settings=\"{&quot;background_background&quot;:&quot;classic&quot;}\">\n\t\t\t<div class=\"elementor-widget-wrap elementor-element-populated\">\n\t\t\t\t\t\t<div class=\"elementor-element elementor-element-ff9aef0 elementor-widget elementor-widget-elementskit-heading\" data-id=\"ff9aef0\" data-element_type=\"widget\" data-e-type=\"widget\" data-widget_type=\"elementskit-heading.default\">\n\t\t\t\t<div class=\"elementor-widget-container\">\n\t\t\t\t\t<div class=\"ekit-wid-con\" ><div class=\"ekit-heading elementskit-section-title-wraper text_left   ekit_heading_tablet-   ekit_heading_mobile-\"><h2 class=\"ekit-heading--title elementskit-section-title \"> Recrutement <span><span>de personnel<\/span><\/span><\/h2><\/div><\/div>\t\t\t\t<\/div>\n\t\t\t\t<\/div>\n\t\t\t\t<div class=\"elementor-element elementor-element-7cf22567 elementor-widget elementor-widget-text-editor\" data-id=\"7cf22567\" data-element_type=\"widget\" data-e-type=\"widget\" data-widget_type=\"text-editor.default\">\n\t\t\t\t<div class=\"elementor-widget-container\">\n\t\t\t\t\t\t\t\t\t<p><strong>Recherchez-vous du personnel qualifi\u00e9 pour votre entreprise ?<\/strong><\/p><p>En tant que prestataire de services au personnel, nous vous aidons \u00e0 trouver de nouveaux sp\u00e9cialistes hautement qualifi\u00e9s d\u2019autres pays europ\u00e9ens ou de pays non europ\u00e9ens. Nous pla\u00e7ons les candidats directement pour un emploi permanent aupr\u00e8s de nos clients et employeurs.<br \/>Nous accompagnons nos clients de l\u2019entretien initial \u00e0 l\u2019emploi du nouvel employ\u00e9 chez l\u2019employeur.<\/p><p>Gr\u00e2ce \u00e0 nos conseils personnalis\u00e9s, nos clients \/ employeurs peuvent prendre les bonnes d\u00e9cisions en fonction des profils de candidats que nous avons cr\u00e9\u00e9s et de leurs impressions sur le candidat apr\u00e8s des entretiens personnels avec les candidats.<\/p>\t\t\t\t\t\t\t\t<\/div>\n\t\t\t\t<\/div>\n\t\t\t\t<div class=\"elementor-element elementor-element-726011e6 elementor-align-left elementor-align--mobileleft elementor-widget elementor-widget-elementskit-button\" data-id=\"726011e6\" data-element_type=\"widget\" data-e-type=\"widget\" data-widget_type=\"elementskit-button.default\">\n\t\t\t\t<div class=\"elementor-widget-container\">\n\t\t\t\t\t<div class=\"ekit-wid-con\" >\t\t<div class=\"ekit-btn-wraper\">\n\t\t\t\t\t\t\t<a href=\"https:\/\/simonyan-personalvermittlung.de\/fr\/?page_id=42\" class=\"elementskit-btn  whitespace--normal\" id=\"\">\n\t\t\t\t\tContact<i class=\"fasicon icon-right-arrow\"><\/i>\t\t\t\t<\/a>\n\t\t\t\t\t<\/div>\n        <\/div>\t\t\t\t<\/div>\n\t\t\t\t<\/div>\n\t\t\t\t\t<\/div>\n\t\t<\/div>\n\t\t\t\t\t<\/div>\n\t\t<\/section>\n\t\t\t\t\t<\/div>\n\t\t<\/div>\n\t\t\t\t\t<\/div>\n\t\t<\/section>\n\t\t\t\t<section class=\"has_eae_slider elementor-section elementor-top-section elementor-element elementor-element-30c9b5ee elementor-section-full_width elementor-section-height-default elementor-section-height-default\" data-eae-slider=\"33284\" data-id=\"30c9b5ee\" data-element_type=\"section\" data-e-type=\"section\" data-settings=\"{&quot;background_background&quot;:&quot;classic&quot;}\">\n\t\t\t\t\t\t<div class=\"elementor-container elementor-column-gap-default\">\n\t\t\t\t\t<div class=\"has_eae_slider elementor-column elementor-col-100 elementor-top-column elementor-element elementor-element-6828ccee\" data-eae-slider=\"62183\" data-id=\"6828ccee\" data-element_type=\"column\" data-e-type=\"column\">\n\t\t\t<div class=\"elementor-widget-wrap elementor-element-populated\">\n\t\t\t\t\t\t<section class=\"has_eae_slider elementor-section elementor-inner-section elementor-element elementor-element-742aad9f elementor-section-full_width elementor-section-height-default elementor-section-height-default elementor-invisible\" data-eae-slider=\"22027\" data-id=\"742aad9f\" data-element_type=\"section\" data-e-type=\"section\" data-settings=\"{&quot;animation&quot;:&quot;fadeInUp&quot;}\">\n\t\t\t\t\t\t<div class=\"elementor-container elementor-column-gap-default\">\n\t\t\t\t\t<div class=\"has_eae_slider elementor-column elementor-col-50 elementor-inner-column elementor-element elementor-element-7ed1ccca\" data-eae-slider=\"26043\" data-id=\"7ed1ccca\" data-element_type=\"column\" data-e-type=\"column\">\n\t\t\t<div class=\"elementor-widget-wrap elementor-element-populated\">\n\t\t\t\t\t\t<div class=\"elementor-element elementor-element-12fc378c elementor-widget elementor-widget-elementskit-heading\" data-id=\"12fc378c\" data-element_type=\"widget\" data-e-type=\"widget\" data-widget_type=\"elementskit-heading.default\">\n\t\t\t\t<div class=\"elementor-widget-container\">\n\t\t\t\t\t<div class=\"ekit-wid-con\" ><div class=\"ekit-heading elementskit-section-title-wraper text_left   ekit_heading_tablet-   ekit_heading_mobile-\"><h2 class=\"ekit-heading--title elementskit-section-title \"><span><span>Demande de personnel<\/span><\/span><\/h2><\/div><\/div>\t\t\t\t<\/div>\n\t\t\t\t<\/div>\n\t\t\t\t<div class=\"elementor-element elementor-element-73d4f8e6 elementor-widget elementor-widget-text-editor\" data-id=\"73d4f8e6\" data-element_type=\"widget\" data-e-type=\"widget\" data-widget_type=\"text-editor.default\">\n\t\t\t\t<div class=\"elementor-widget-container\">\n\t\t\t\t\t\t\t\t\t<div class=\"content_box\"><p><strong><span style=\"color: #ffffff;\">Pour nos clients et employeurs, il existe un besoin fondamental de sp\u00e9cialistes dans les domaines professionnels suivants:<\/span><\/strong><\/p><p><span style=\"color: #ffffff;\">1) Professions techniques (ing\u00e9nieurs, employ\u00e9s de production, soudeurs, m\u00e9caniciens de coupe, technologie de tournage, op\u00e9rateurs de tours CNC, m\u00e9tallurgistes, conducteurs de pelles, autres m\u00e9tiers, etc.)<\/span><\/p><p><span style=\"color: #ffffff;\">2) Professions commerciales (responsables RH, chefs d\u2019\u00e9quipe, enseignants, etc.)<\/span><\/p><p><span style=\"color: #ffffff;\">3) M\u00e9decine (m\u00e9decins, personnel m\u00e9dical, infirmiers, infirmi\u00e8res, profils professionnels des sciences m\u00e9dicales, pharmaciens\/iennes, etc.)<\/span><\/p><p><span style=\"color: #ffffff;\">4) Technologies de l\u2018Information \/TI<\/span><\/p><p><span style=\"color: #ffffff;\">5) Industrie chimique (chimistes, assistants de laboratoire de chimie, etc.)<\/span><\/p><p><span style=\"color: #ffffff;\">Dans ce contexte, une profonde exp\u00e9rience professionnelle est d\u2019une grande importance et absolument n\u00e9cessaire.<\/span><br \/><span style=\"color: #ffffff;\">Nous avons fix\u00e9 pour objectif de pr\u00e9senter \u00e0 nos clients des profils de candidats sur mesure en fonction de leurs besoins en menant des discussions approfondies avec nos candidats dans un premier temps afin d\u2019obtenir toutes les informations pertinentes pour nos clients.<\/span><\/p><div>\u00a0<\/div><\/div>\t\t\t\t\t\t\t\t<\/div>\n\t\t\t\t<\/div>\n\t\t\t\t\t<\/div>\n\t\t<\/div>\n\t\t\t\t<div class=\"has_eae_slider elementor-column elementor-col-50 elementor-inner-column elementor-element elementor-element-6f955f66\" data-eae-slider=\"65199\" data-id=\"6f955f66\" data-element_type=\"column\" data-e-type=\"column\">\n\t\t\t<div class=\"elementor-widget-wrap elementor-element-populated\">\n\t\t\t\t\t\t<div class=\"elementor-element elementor-element-20acefdf elementor-widget elementor-widget-image\" data-id=\"20acefdf\" data-element_type=\"widget\" data-e-type=\"widget\" data-widget_type=\"image.default\">\n\t\t\t\t<div class=\"elementor-widget-container\">\n\t\t\t\t\t\t\t\t\t\t\t\t\t\t\t<img fetchpriority=\"high\" decoding=\"async\" width=\"525\" height=\"349\" src=\"https:\/\/simonyan-personalvermittlung.de\/fr\/wp-content\/uploads\/sites\/7\/2021\/10\/front-view-covid-recovery-center-female-doctor-with-stethoscope-1024x681.jpg\" class=\"attachment-large size-large wp-image-371\" alt=\"\" srcset=\"https:\/\/simonyan-personalvermittlung.de\/fr\/wp-content\/uploads\/sites\/7\/2021\/10\/front-view-covid-recovery-center-female-doctor-with-stethoscope-1024x681.jpg 1024w, https:\/\/simonyan-personalvermittlung.de\/fr\/wp-content\/uploads\/sites\/7\/2021\/10\/front-view-covid-recovery-center-female-doctor-with-stethoscope-300x199.jpg 300w, https:\/\/simonyan-personalvermittlung.de\/fr\/wp-content\/uploads\/sites\/7\/2021\/10\/front-view-covid-recovery-center-female-doctor-with-stethoscope-768x511.jpg 768w, https:\/\/simonyan-personalvermittlung.de\/fr\/wp-content\/uploads\/sites\/7\/2021\/10\/front-view-covid-recovery-center-female-doctor-with-stethoscope-1536x1021.jpg 1536w, https:\/\/simonyan-personalvermittlung.de\/fr\/wp-content\/uploads\/sites\/7\/2021\/10\/front-view-covid-recovery-center-female-doctor-with-stethoscope-2048x1362.jpg 2048w\" sizes=\"(max-width: 525px) 100vw, 525px\" \/>\t\t\t\t\t\t\t\t\t\t\t\t\t\t\t<\/div>\n\t\t\t\t<\/div>\n\t\t\t\t\t<\/div>\n\t\t<\/div>\n\t\t\t\t\t<\/div>\n\t\t<\/section>\n\t\t\t\t\t<\/div>\n\t\t<\/div>\n\t\t\t\t\t<\/div>\n\t\t<\/section>\n\t\t\t\t<section class=\"has_eae_slider elementor-section elementor-top-section elementor-element elementor-element-14c5edb elementor-section-full_width elementor-section-height-default elementor-section-height-default\" data-eae-slider=\"48646\" data-id=\"14c5edb\" data-element_type=\"section\" data-e-type=\"section\" data-settings=\"{&quot;background_background&quot;:&quot;classic&quot;}\">\n\t\t\t\t\t\t<div class=\"elementor-container elementor-column-gap-default\">\n\t\t\t\t\t<div class=\"has_eae_slider elementor-column elementor-col-100 elementor-top-column elementor-element elementor-element-bbb1a50\" data-eae-slider=\"76921\" data-id=\"bbb1a50\" data-element_type=\"column\" data-e-type=\"column\">\n\t\t\t<div class=\"elementor-widget-wrap elementor-element-populated\">\n\t\t\t\t\t\t<section class=\"has_eae_slider elementor-section elementor-inner-section elementor-element elementor-element-41c026c elementor-section-full_width elementor-section-height-default elementor-section-height-default elementor-invisible\" data-eae-slider=\"7910\" data-id=\"41c026c\" data-element_type=\"section\" data-e-type=\"section\" data-settings=\"{&quot;animation&quot;:&quot;fadeInUp&quot;}\">\n\t\t\t\t\t\t<div class=\"elementor-container elementor-column-gap-default\">\n\t\t\t\t\t<div class=\"has_eae_slider elementor-column elementor-col-50 elementor-inner-column elementor-element elementor-element-959be92\" data-eae-slider=\"64913\" data-id=\"959be92\" data-element_type=\"column\" data-e-type=\"column\" data-settings=\"{&quot;background_background&quot;:&quot;classic&quot;}\">\n\t\t\t<div class=\"elementor-widget-wrap elementor-element-populated\">\n\t\t\t\t\t\t<div class=\"elementor-element elementor-element-a7068fa elementor-widget elementor-widget-spacer\" data-id=\"a7068fa\" data-element_type=\"widget\" data-e-type=\"widget\" data-widget_type=\"spacer.default\">\n\t\t\t\t<div class=\"elementor-widget-container\">\n\t\t\t\t\t\t\t<div class=\"elementor-spacer\">\n\t\t\t<div class=\"elementor-spacer-inner\"><\/div>\n\t\t<\/div>\n\t\t\t\t\t\t<\/div>\n\t\t\t\t<\/div>\n\t\t\t\t\t<\/div>\n\t\t<\/div>\n\t\t\t\t<div class=\"has_eae_slider elementor-column elementor-col-50 elementor-inner-column elementor-element elementor-element-3353c48\" data-eae-slider=\"33548\" data-id=\"3353c48\" data-element_type=\"column\" data-e-type=\"column\" data-settings=\"{&quot;background_background&quot;:&quot;classic&quot;}\">\n\t\t\t<div class=\"elementor-widget-wrap elementor-element-populated\">\n\t\t\t\t\t\t<div class=\"elementor-element elementor-element-c06b8f3 elementor-widget elementor-widget-elementskit-heading\" data-id=\"c06b8f3\" data-element_type=\"widget\" data-e-type=\"widget\" data-widget_type=\"elementskit-heading.default\">\n\t\t\t\t<div class=\"elementor-widget-container\">\n\t\t\t\t\t<div class=\"ekit-wid-con\" ><div class=\"ekit-heading elementskit-section-title-wraper text_left   ekit_heading_tablet-   ekit_heading_mobile-\"><h2 class=\"ekit-heading--title elementskit-section-title \"> Profil  <span><span>requis<\/span><\/span><\/h2><\/div><\/div>\t\t\t\t<\/div>\n\t\t\t\t<\/div>\n\t\t\t\t<div class=\"elementor-element elementor-element-4f57857 elementor-widget elementor-widget-text-editor\" data-id=\"4f57857\" data-element_type=\"widget\" data-e-type=\"widget\" data-widget_type=\"text-editor.default\">\n\t\t\t\t<div class=\"elementor-widget-container\">\n\t\t\t\t\t\t\t\t\t<p>Les entreprises savent g\u00e9n\u00e9ralement tr\u00e8s bien de quels sp\u00e9cialistes elles ont besoin. Notre force r\u00e9side dans le fait que nous pla\u00e7ons toujours des sp\u00e9cialistes hautement qualifi\u00e9s de l\u2019UE et des pays tiers. Nous parlons \u00e0 nos clients de mani\u00e8re cibl\u00e9e afin d\u2019enregistrer leurs besoins exacts. Nous concevons g\u00e9n\u00e9ralement les profils d\u2019exigences de nos candidats en allemand, parfois aussi en anglais \u2013 selon les besoins.<\/p><p><strong>Veuillez remplir notre formulaire.<\/strong><\/p><p>Si vous avez des questions, nous nous r\u00e9jouirons de votre appel.<\/p>\t\t\t\t\t\t\t\t<\/div>\n\t\t\t\t<\/div>\n\t\t\t\t\t<\/div>\n\t\t<\/div>\n\t\t\t\t\t<\/div>\n\t\t<\/section>\n\t\t\t\t\t<\/div>\n\t\t<\/div>\n\t\t\t\t\t<\/div>\n\t\t<\/section>\n\t\t\t\t<section class=\"has_eae_slider elementor-section elementor-top-section elementor-element elementor-element-7587a8af elementor-section-full_width elementor-section-height-default elementor-section-height-default\" data-eae-slider=\"90855\" data-id=\"7587a8af\" data-element_type=\"section\" data-e-type=\"section\" data-settings=\"{&quot;background_background&quot;:&quot;classic&quot;}\">\n\t\t\t\t\t\t\t<div class=\"elementor-background-overlay\"><\/div>\n\t\t\t\t\t\t\t<div class=\"elementor-container elementor-column-gap-default\">\n\t\t\t\t\t<div class=\"has_eae_slider elementor-column elementor-col-100 elementor-top-column elementor-element elementor-element-2bc6158f\" data-eae-slider=\"87000\" data-id=\"2bc6158f\" data-element_type=\"column\" data-e-type=\"column\">\n\t\t\t<div class=\"elementor-widget-wrap elementor-element-populated\">\n\t\t\t\t\t\t<section class=\"has_eae_slider elementor-section elementor-inner-section elementor-element elementor-element-61335b9b elementor-section-boxed elementor-section-height-default elementor-section-height-default\" data-eae-slider=\"3357\" data-id=\"61335b9b\" data-element_type=\"section\" data-e-type=\"section\" data-settings=\"{&quot;background_background&quot;:&quot;classic&quot;}\">\n\t\t\t\t\t\t\t<div class=\"elementor-background-overlay\"><\/div>\n\t\t\t\t\t\t\t<div class=\"elementor-container elementor-column-gap-default\">\n\t\t\t\t\t<div class=\"has_eae_slider elementor-column elementor-col-100 elementor-inner-column elementor-element elementor-element-4b8f7855\" data-eae-slider=\"17498\" data-id=\"4b8f7855\" data-element_type=\"column\" data-e-type=\"column\">\n\t\t\t<div class=\"elementor-widget-wrap elementor-element-populated\">\n\t\t\t\t\t\t<div class=\"elementor-element elementor-element-187adf0c elementor-widget elementor-widget-elementskit-heading\" data-id=\"187adf0c\" data-element_type=\"widget\" data-e-type=\"widget\" data-widget_type=\"elementskit-heading.default\">\n\t\t\t\t<div class=\"elementor-widget-container\">\n\t\t\t\t\t<div class=\"ekit-wid-con\" ><div class=\"ekit-heading elementskit-section-title-wraper text_center   ekit_heading_tablet-   ekit_heading_mobile-\"><h2 class=\"ekit-heading--title elementskit-section-title \">VOTRE CHEMIN RAPIDE VERS NOUS <span><span><\/span><\/span><\/h2><\/div><\/div>\t\t\t\t<\/div>\n\t\t\t\t<\/div>\n\t\t\t\t<div class=\"elementor-element elementor-element-1dae5479 elementor-align--mobilecenter elementor-align-center elementor-widget elementor-widget-elementskit-button\" data-id=\"1dae5479\" data-element_type=\"widget\" data-e-type=\"widget\" data-widget_type=\"elementskit-button.default\">\n\t\t\t\t<div class=\"elementor-widget-container\">\n\t\t\t\t\t<div class=\"ekit-wid-con\" >\t\t<div class=\"ekit-btn-wraper\">\n\t\t\t\t\t\t\t<a href=\"https:\/\/simonyan-personalvermittlung.de\/fr\/?page_id=42\" class=\"elementskit-btn  whitespace--normal\" id=\"\">\n\t\t\t\t\tContact<i class=\"fasicon icon-right-arrow\"><\/i>\t\t\t\t<\/a>\n\t\t\t\t\t<\/div>\n        <\/div>\t\t\t\t<\/div>\n\t\t\t\t<\/div>\n\t\t\t\t\t<\/div>\n\t\t<\/div>\n\t\t\t\t\t<\/div>\n\t\t<\/section>\n\t\t\t\t\t<\/div>\n\t\t<\/div>\n\t\t\t\t\t<\/div>\n\t\t<\/section>\n\t\t\t\t<\/div>\n\t\t","protected":false},"excerpt":{"rendered":"<p>Recrutement de personnel Recherchez-vous du personnel qualifi\u00e9 pour votre entreprise ? En tant que prestataire de services au personnel, nous vous aidons \u00e0 trouver de nouveaux sp\u00e9cialistes hautement qualifi\u00e9s d\u2019autres pays europ\u00e9ens ou de pays non europ\u00e9ens. Nous pla\u00e7ons les candidats directement pour un emploi permanent aupr\u00e8s de nos clients et employeurs.Nous accompagnons nos clients [&hellip;]<\/p>\n","protected":false},"author":1,"featured_media":0,"parent":0,"menu_order":0,"comment_status":"closed","ping_status":"closed","template":"elementor_header_footer","meta":{"footnotes":""},"class_list":["post-36","page","type-page","status-publish","hentry"],"_links":{"self":[{"href":"https:\/\/simonyan-personalvermittlung.de\/fr\/wp-json\/wp\/v2\/pages\/36","targetHints":{"allow":["GET"]}}],"collection":[{"href":"https:\/\/simonyan-personalvermittlung.de\/fr\/wp-json\/wp\/v2\/pages"}],"about":[{"href":"https:\/\/simonyan-personalvermittlung.de\/fr\/wp-json\/wp\/v2\/types\/page"}],"author":[{"embeddable":true,"href":"https:\/\/simonyan-personalvermittlung.de\/fr\/wp-json\/wp\/v2\/users\/1"}],"replies":[{"embeddable":true,"href":"https:\/\/simonyan-personalvermittlung.de\/fr\/wp-json\/wp\/v2\/comments?post=36"}],"version-history":[{"count":7,"href":"https:\/\/simonyan-personalvermittlung.de\/fr\/wp-json\/wp\/v2\/pages\/36\/revisions"}],"predecessor-version":[{"id":482,"href":"https:\/\/simonyan-personalvermittlung.de\/fr\/wp-json\/wp\/v2\/pages\/36\/revisions\/482"}],"wp:attachment":[{"href":"https:\/\/simonyan-personalvermittlung.de\/fr\/wp-json\/wp\/v2\/media?parent=36"}],"curies":[{"name":"wp","href":"https:\/\/api.w.org\/{rel}","templated":true}]}}