{"id":32,"date":"2021-10-02T12:48:45","date_gmt":"2021-10-02T10:48:45","guid":{"rendered":"https:\/\/simonyan-personalvermittlung.de\/fr\/?page_id=32"},"modified":"2021-11-05T17:55:58","modified_gmt":"2021-11-05T16:55:58","slug":"ueber-uns","status":"publish","type":"page","link":"https:\/\/simonyan-personalvermittlung.de\/fr\/ueber-uns\/","title":{"rendered":"\u00dcBER UNS"},"content":{"rendered":"\t\t<div data-elementor-type=\"wp-page\" data-elementor-id=\"32\" class=\"elementor elementor-32\">\n\t\t\t\t\t\t<section class=\"has_eae_slider elementor-section elementor-top-section elementor-element elementor-element-4c9fd4be elementor-section-height-min-height elementor-section-full_width elementor-section-items-bottom elementor-section-height-default\" data-eae-slider=\"13840\" data-id=\"4c9fd4be\" data-element_type=\"section\" data-e-type=\"section\" data-settings=\"{&quot;background_background&quot;:&quot;classic&quot;}\">\n\t\t\t\t\t\t\t<div class=\"elementor-background-overlay\"><\/div>\n\t\t\t\t\t\t\t<div class=\"elementor-container elementor-column-gap-default\">\n\t\t\t\t\t<div class=\"has_eae_slider elementor-column elementor-col-33 elementor-top-column elementor-element elementor-element-628ac57f\" data-eae-slider=\"99798\" data-id=\"628ac57f\" data-element_type=\"column\" data-e-type=\"column\">\n\t\t\t<div class=\"elementor-widget-wrap\">\n\t\t\t\t\t\t\t<\/div>\n\t\t<\/div>\n\t\t\t\t<div class=\"has_eae_slider elementor-column elementor-col-33 elementor-top-column elementor-element elementor-element-21268c69 elementor-invisible\" data-eae-slider=\"83599\" data-id=\"21268c69\" data-element_type=\"column\" data-e-type=\"column\" data-settings=\"{&quot;animation&quot;:&quot;fadeInUp&quot;}\">\n\t\t\t<div class=\"elementor-widget-wrap elementor-element-populated\">\n\t\t\t\t\t\t\t<\/div>\n\t\t<\/div>\n\t\t\t\t<div class=\"has_eae_slider elementor-column elementor-col-33 elementor-top-column elementor-element elementor-element-275e261d\" data-eae-slider=\"69652\" data-id=\"275e261d\" data-element_type=\"column\" data-e-type=\"column\">\n\t\t\t<div class=\"elementor-widget-wrap\">\n\t\t\t\t\t\t\t<\/div>\n\t\t<\/div>\n\t\t\t\t\t<\/div>\n\t\t<\/section>\n\t\t\t\t<section class=\"has_eae_slider elementor-section elementor-top-section elementor-element elementor-element-363179e4 elementor-section-full_width elementor-section-height-default elementor-section-height-default\" data-eae-slider=\"97604\" data-id=\"363179e4\" data-element_type=\"section\" data-e-type=\"section\" id=\"xs_cta_style_15\">\n\t\t\t\t\t\t<div class=\"elementor-container elementor-column-gap-default\">\n\t\t\t\t\t<div class=\"has_eae_slider elementor-column elementor-col-100 elementor-top-column elementor-element elementor-element-38e7ca28\" data-eae-slider=\"68202\" data-id=\"38e7ca28\" data-element_type=\"column\" data-e-type=\"column\">\n\t\t\t<div class=\"elementor-widget-wrap elementor-element-populated\">\n\t\t\t\t\t\t<section class=\"has_eae_slider elementor-section elementor-inner-section elementor-element elementor-element-6d7f00c9 elementor-section-full_width elementor-section-height-default elementor-section-height-default elementor-invisible\" data-eae-slider=\"14810\" data-id=\"6d7f00c9\" data-element_type=\"section\" data-e-type=\"section\" data-settings=\"{&quot;animation&quot;:&quot;fadeInUp&quot;}\">\n\t\t\t\t\t\t<div class=\"elementor-container elementor-column-gap-default\">\n\t\t\t\t\t<div class=\"has_eae_slider elementor-column elementor-col-50 elementor-inner-column elementor-element elementor-element-58367ef4\" data-eae-slider=\"70619\" data-id=\"58367ef4\" data-element_type=\"column\" data-e-type=\"column\" data-settings=\"{&quot;background_background&quot;:&quot;classic&quot;}\">\n\t\t\t<div class=\"elementor-widget-wrap elementor-element-populated\">\n\t\t\t\t\t\t<div class=\"elementor-element elementor-element-335b1eff elementor-widget elementor-widget-spacer\" data-id=\"335b1eff\" data-element_type=\"widget\" data-e-type=\"widget\" data-widget_type=\"spacer.default\">\n\t\t\t\t<div class=\"elementor-widget-container\">\n\t\t\t\t\t\t\t<div class=\"elementor-spacer\">\n\t\t\t<div class=\"elementor-spacer-inner\"><\/div>\n\t\t<\/div>\n\t\t\t\t\t\t<\/div>\n\t\t\t\t<\/div>\n\t\t\t\t\t<\/div>\n\t\t<\/div>\n\t\t\t\t<div class=\"has_eae_slider elementor-column elementor-col-50 elementor-inner-column elementor-element elementor-element-2a7023bb\" data-eae-slider=\"25542\" data-id=\"2a7023bb\" data-element_type=\"column\" data-e-type=\"column\" data-settings=\"{&quot;background_background&quot;:&quot;classic&quot;}\">\n\t\t\t<div class=\"elementor-widget-wrap elementor-element-populated\">\n\t\t\t\t\t\t<div class=\"elementor-element elementor-element-5a12ef41 elementor-widget elementor-widget-elementskit-heading\" data-id=\"5a12ef41\" data-element_type=\"widget\" data-e-type=\"widget\" data-widget_type=\"elementskit-heading.default\">\n\t\t\t\t<div class=\"elementor-widget-container\">\n\t\t\t\t\t<div class=\"ekit-wid-con\" ><div class=\"ekit-heading elementskit-section-title-wraper text_left   ekit_heading_tablet-   ekit_heading_mobile-\"><h2 class=\"ekit-heading--title elementskit-section-title \">Nos  <span><span>objectifs<\/span><\/span><\/h2><\/div><\/div>\t\t\t\t<\/div>\n\t\t\t\t<\/div>\n\t\t\t\t<div class=\"elementor-element elementor-element-2a485ba5 elementor-widget elementor-widget-text-editor\" data-id=\"2a485ba5\" data-element_type=\"widget\" data-e-type=\"widget\" data-widget_type=\"text-editor.default\">\n\t\t\t\t<div class=\"elementor-widget-container\">\n\t\t\t\t\t\t\t\t\t<p>La soci\u00e9t\u00e9 \u00ab Simonyan Personalvermittlung \u00bb est une filiale du groupe de soci\u00e9t\u00e9s SIMONYAN et est active depuis 2019. Nous travaillons avec nos clients allemands, europ\u00e9ens et \u00e9trangers et fournissons un personnel hautement qualifi\u00e9 pour la R\u00e9publique f\u00e9d\u00e9rale d\u2019Allemagne.<\/p><p>Nous organisons et travaillons g\u00e9n\u00e9ralement sur le principe de permettre un \u00e9change d\u2019informations 100% fluide entre nos candidats et nos clients. Il est donc tr\u00e8s important pour nous d\u2019enregistrer correctement toutes les informations sur le profil d\u2019exigence concernant le poste vacant correspondant d\u00e8s le d\u00e9but. Ce n\u2019est qu\u2019alors que nous entreprenons la recherche et l\u2019analyse de candidats potentiels afin de pouvoir fournir ces informations.<\/p><p>Notre objectif est de toujours travailler pour la plus grande satisfaction de nos clients, notre \u00e9quipe \u00e9tant tr\u00e8s flexible.<\/p><p>Vous pouvez prendre rendez-vous avec nous \u00e0 court terme.<\/p><p><strong>Au plaisir de vous rencontrer !<\/strong><\/p>\t\t\t\t\t\t\t\t<\/div>\n\t\t\t\t<\/div>\n\t\t\t\t<div class=\"elementor-element elementor-element-f9dec8a elementor-align-left elementor-align--mobileleft elementor-widget elementor-widget-elementskit-button\" data-id=\"f9dec8a\" data-element_type=\"widget\" data-e-type=\"widget\" data-widget_type=\"elementskit-button.default\">\n\t\t\t\t<div class=\"elementor-widget-container\">\n\t\t\t\t\t<div class=\"ekit-wid-con\" >\t\t<div class=\"ekit-btn-wraper\">\n\t\t\t\t\t\t\t<a href=\"https:\/\/simonyan-personalvermittlung.de\/fr\/?page_id=42\" class=\"elementskit-btn  whitespace--normal\" id=\"\">\n\t\t\t\t\tContacts<i class=\"fasicon icon-right-arrow\"><\/i>\t\t\t\t<\/a>\n\t\t\t\t\t<\/div>\n        <\/div>\t\t\t\t<\/div>\n\t\t\t\t<\/div>\n\t\t\t\t\t<\/div>\n\t\t<\/div>\n\t\t\t\t\t<\/div>\n\t\t<\/section>\n\t\t\t\t\t<\/div>\n\t\t<\/div>\n\t\t\t\t\t<\/div>\n\t\t<\/section>\n\t\t\t\t<section class=\"has_eae_slider elementor-section elementor-top-section elementor-element elementor-element-68abca55 elementor-section-full_width elementor-section-height-default elementor-section-height-default\" data-eae-slider=\"79558\" data-id=\"68abca55\" data-element_type=\"section\" data-e-type=\"section\">\n\t\t\t\t\t\t<div class=\"elementor-container elementor-column-gap-default\">\n\t\t\t\t\t<div class=\"has_eae_slider elementor-column elementor-col-100 elementor-top-column elementor-element elementor-element-c923137\" data-eae-slider=\"29749\" data-id=\"c923137\" data-element_type=\"column\" data-e-type=\"column\">\n\t\t\t<div class=\"elementor-widget-wrap elementor-element-populated\">\n\t\t\t\t\t\t<section class=\"has_eae_slider elementor-section elementor-inner-section elementor-element elementor-element-6c6adb14 elementor-section-full_width elementor-section-height-default elementor-section-height-default elementor-invisible\" data-eae-slider=\"25680\" data-id=\"6c6adb14\" data-element_type=\"section\" data-e-type=\"section\" data-settings=\"{&quot;animation&quot;:&quot;fadeInUp&quot;}\">\n\t\t\t\t\t\t<div class=\"elementor-container elementor-column-gap-default\">\n\t\t\t\t\t<div class=\"has_eae_slider elementor-column elementor-col-50 elementor-inner-column elementor-element elementor-element-60bc4054\" data-eae-slider=\"76181\" data-id=\"60bc4054\" data-element_type=\"column\" data-e-type=\"column\">\n\t\t\t<div class=\"elementor-widget-wrap elementor-element-populated\">\n\t\t\t\t\t\t<div class=\"elementor-element elementor-element-1683549 elementor-widget elementor-widget-elementskit-heading\" data-id=\"1683549\" data-element_type=\"widget\" data-e-type=\"widget\" data-widget_type=\"elementskit-heading.default\">\n\t\t\t\t<div class=\"elementor-widget-container\">\n\t\t\t\t\t<div class=\"ekit-wid-con\" ><div class=\"ekit-heading elementskit-section-title-wraper text_left   ekit_heading_tablet-   ekit_heading_mobile-\"><h2 class=\"ekit-heading--title elementskit-section-title \"><span><span>Philosophie<\/span><\/span><\/h2><\/div><\/div>\t\t\t\t<\/div>\n\t\t\t\t<\/div>\n\t\t\t\t<div class=\"elementor-element elementor-element-3ee01d42 elementor-widget elementor-widget-text-editor\" data-id=\"3ee01d42\" data-element_type=\"widget\" data-e-type=\"widget\" data-widget_type=\"text-editor.default\">\n\t\t\t\t<div class=\"elementor-widget-container\">\n\t\t\t\t\t\t\t\t\t<p><strong>Des partenariats sains constituent l\u2019\u00e9pine dorsale de toute entreprise.<\/strong><\/p><p>Nous entretenons des relations commerciales intensives avec nos clients ainsi qu\u2019avec nos candidats.<\/p><p>La comp\u00e9titivit\u00e9 d\u2019une entreprise est directement li\u00e9e au potentiel de ses employ\u00e9s. Le succ\u00e8s est toujours une question de strat\u00e9gie. Le personnel est l\u2019un des principaux facteurs cl\u00e9s. Sa structure syst\u00e9matique, son d\u00e9veloppement et son utilisation optimis\u00e9e sur le succ\u00e8s peuvent \u00eatre d\u00e9cisifs sur le march\u00e9.<\/p><p>Cela cr\u00e9e une situation gagnant-gagnant pour tout le monde : le candidat est soutenu par un partenaire engag\u00e9 et comp\u00e9tent chez l\u2019employeur qui communique son profil.<\/p><p><strong>Votre choix \u2013 notre travail !<\/strong><\/p>\t\t\t\t\t\t\t\t<\/div>\n\t\t\t\t<\/div>\n\t\t\t\t\t<\/div>\n\t\t<\/div>\n\t\t\t\t<div class=\"has_eae_slider elementor-column elementor-col-50 elementor-inner-column elementor-element elementor-element-54845a51\" data-eae-slider=\"22709\" data-id=\"54845a51\" data-element_type=\"column\" data-e-type=\"column\">\n\t\t\t<div class=\"elementor-widget-wrap elementor-element-populated\">\n\t\t\t\t\t\t<div class=\"elementor-element elementor-element-6610cd44 elementor-widget elementor-widget-image\" data-id=\"6610cd44\" data-element_type=\"widget\" data-e-type=\"widget\" data-widget_type=\"image.default\">\n\t\t\t\t<div class=\"elementor-widget-container\">\n\t\t\t\t\t\t\t\t\t\t\t\t\t\t\t<img fetchpriority=\"high\" decoding=\"async\" width=\"525\" height=\"263\" src=\"https:\/\/simonyan-personalvermittlung.de\/fr\/wp-content\/uploads\/sites\/7\/2021\/10\/business-team-meeting-strategy-marketing-cafe-concept-1024x512.jpg\" class=\"attachment-large size-large wp-image-332\" alt=\"\" srcset=\"https:\/\/simonyan-personalvermittlung.de\/fr\/wp-content\/uploads\/sites\/7\/2021\/10\/business-team-meeting-strategy-marketing-cafe-concept-1024x512.jpg 1024w, https:\/\/simonyan-personalvermittlung.de\/fr\/wp-content\/uploads\/sites\/7\/2021\/10\/business-team-meeting-strategy-marketing-cafe-concept-300x150.jpg 300w, https:\/\/simonyan-personalvermittlung.de\/fr\/wp-content\/uploads\/sites\/7\/2021\/10\/business-team-meeting-strategy-marketing-cafe-concept-768x384.jpg 768w, https:\/\/simonyan-personalvermittlung.de\/fr\/wp-content\/uploads\/sites\/7\/2021\/10\/business-team-meeting-strategy-marketing-cafe-concept-1536x768.jpg 1536w, https:\/\/simonyan-personalvermittlung.de\/fr\/wp-content\/uploads\/sites\/7\/2021\/10\/business-team-meeting-strategy-marketing-cafe-concept-2048x1024.jpg 2048w\" sizes=\"(max-width: 525px) 100vw, 525px\" \/>\t\t\t\t\t\t\t\t\t\t\t\t\t\t\t<\/div>\n\t\t\t\t<\/div>\n\t\t\t\t\t<\/div>\n\t\t<\/div>\n\t\t\t\t\t<\/div>\n\t\t<\/section>\n\t\t\t\t\t<\/div>\n\t\t<\/div>\n\t\t\t\t\t<\/div>\n\t\t<\/section>\n\t\t\t\t<section class=\"has_eae_slider elementor-section elementor-top-section elementor-element elementor-element-2a68543a elementor-section-full_width elementor-section-height-default elementor-section-height-default\" data-eae-slider=\"17087\" data-id=\"2a68543a\" data-element_type=\"section\" data-e-type=\"section\" data-settings=\"{&quot;background_background&quot;:&quot;classic&quot;}\">\n\t\t\t\t\t\t\t<div class=\"elementor-background-overlay\"><\/div>\n\t\t\t\t\t\t\t<div class=\"elementor-container elementor-column-gap-default\">\n\t\t\t\t\t<div class=\"has_eae_slider elementor-column elementor-col-100 elementor-top-column elementor-element elementor-element-46e9bd7f\" data-eae-slider=\"4300\" data-id=\"46e9bd7f\" data-element_type=\"column\" data-e-type=\"column\">\n\t\t\t<div class=\"elementor-widget-wrap elementor-element-populated\">\n\t\t\t\t\t\t<section class=\"has_eae_slider elementor-section elementor-inner-section elementor-element elementor-element-2dafe23e elementor-section-boxed elementor-section-height-default elementor-section-height-default\" data-eae-slider=\"36238\" data-id=\"2dafe23e\" data-element_type=\"section\" data-e-type=\"section\" data-settings=\"{&quot;background_background&quot;:&quot;classic&quot;}\">\n\t\t\t\t\t\t\t<div class=\"elementor-background-overlay\"><\/div>\n\t\t\t\t\t\t\t<div class=\"elementor-container elementor-column-gap-default\">\n\t\t\t\t\t<div class=\"has_eae_slider elementor-column elementor-col-100 elementor-inner-column elementor-element elementor-element-65bb327f\" data-eae-slider=\"43208\" data-id=\"65bb327f\" data-element_type=\"column\" data-e-type=\"column\">\n\t\t\t<div class=\"elementor-widget-wrap elementor-element-populated\">\n\t\t\t\t\t\t<div class=\"elementor-element elementor-element-4fd256cf elementor-widget elementor-widget-elementskit-heading\" data-id=\"4fd256cf\" data-element_type=\"widget\" data-e-type=\"widget\" data-widget_type=\"elementskit-heading.default\">\n\t\t\t\t<div class=\"elementor-widget-container\">\n\t\t\t\t\t<div class=\"ekit-wid-con\" ><div class=\"ekit-heading elementskit-section-title-wraper text_center   ekit_heading_tablet-   ekit_heading_mobile-\"><h2 class=\"ekit-heading--title elementskit-section-title \">VOTRE CHEMIN RAPIDE VERS NOUS <span><span><\/span><\/span><\/h2><\/div><\/div>\t\t\t\t<\/div>\n\t\t\t\t<\/div>\n\t\t\t\t<div class=\"elementor-element elementor-element-71f911a7 elementor-align--mobilecenter elementor-align-center elementor-widget elementor-widget-elementskit-button\" data-id=\"71f911a7\" data-element_type=\"widget\" data-e-type=\"widget\" data-widget_type=\"elementskit-button.default\">\n\t\t\t\t<div class=\"elementor-widget-container\">\n\t\t\t\t\t<div class=\"ekit-wid-con\" >\t\t<div class=\"ekit-btn-wraper\">\n\t\t\t\t\t\t\t<a href=\"https:\/\/simonyan-personalvermittlung.de\/fr\/?page_id=42\" class=\"elementskit-btn  whitespace--normal\" id=\"\">\n\t\t\t\t\tContacts<i class=\"fasicon icon-right-arrow\"><\/i>\t\t\t\t<\/a>\n\t\t\t\t\t<\/div>\n        <\/div>\t\t\t\t<\/div>\n\t\t\t\t<\/div>\n\t\t\t\t\t<\/div>\n\t\t<\/div>\n\t\t\t\t\t<\/div>\n\t\t<\/section>\n\t\t\t\t\t<\/div>\n\t\t<\/div>\n\t\t\t\t\t<\/div>\n\t\t<\/section>\n\t\t\t\t<\/div>\n\t\t","protected":false},"excerpt":{"rendered":"<p>Nos objectifs La soci\u00e9t\u00e9 \u00ab Simonyan Personalvermittlung \u00bb est une filiale du groupe de soci\u00e9t\u00e9s SIMONYAN et est active depuis 2019. Nous travaillons avec nos clients allemands, europ\u00e9ens et \u00e9trangers et fournissons un personnel hautement qualifi\u00e9 pour la R\u00e9publique f\u00e9d\u00e9rale d\u2019Allemagne. Nous organisons et travaillons g\u00e9n\u00e9ralement sur le principe de permettre un \u00e9change d\u2019informations 100% [&hellip;]<\/p>\n","protected":false},"author":1,"featured_media":0,"parent":0,"menu_order":0,"comment_status":"closed","ping_status":"closed","template":"elementor_header_footer","meta":{"footnotes":""},"class_list":["post-32","page","type-page","status-publish","hentry"],"_links":{"self":[{"href":"https:\/\/simonyan-personalvermittlung.de\/fr\/wp-json\/wp\/v2\/pages\/32","targetHints":{"allow":["GET"]}}],"collection":[{"href":"https:\/\/simonyan-personalvermittlung.de\/fr\/wp-json\/wp\/v2\/pages"}],"about":[{"href":"https:\/\/simonyan-personalvermittlung.de\/fr\/wp-json\/wp\/v2\/types\/page"}],"author":[{"embeddable":true,"href":"https:\/\/simonyan-personalvermittlung.de\/fr\/wp-json\/wp\/v2\/users\/1"}],"replies":[{"embeddable":true,"href":"https:\/\/simonyan-personalvermittlung.de\/fr\/wp-json\/wp\/v2\/comments?post=32"}],"version-history":[{"count":16,"href":"https:\/\/simonyan-personalvermittlung.de\/fr\/wp-json\/wp\/v2\/pages\/32\/revisions"}],"predecessor-version":[{"id":479,"href":"https:\/\/simonyan-personalvermittlung.de\/fr\/wp-json\/wp\/v2\/pages\/32\/revisions\/479"}],"wp:attachment":[{"href":"https:\/\/simonyan-personalvermittlung.de\/fr\/wp-json\/wp\/v2\/media?parent=32"}],"curies":[{"name":"wp","href":"https:\/\/api.w.org\/{rel}","templated":true}]}}